{"id":396,"date":"2020-03-24T11:51:31","date_gmt":"2020-03-24T10:51:31","guid":{"rendered":"http:\/\/tanalski.home.pl\/tanalski\/?page_id=396"},"modified":"2021-06-17T12:28:28","modified_gmt":"2021-06-17T10:28:28","slug":"wozki-inwalidzkie","status":"publish","type":"page","link":"https:\/\/tanalski.eu\/index.php\/wozki-inwalidzkie\/","title":{"rendered":"W\u00f3zki inwalidzkie"},"content":{"rendered":"<p><section data-kc-fullwidth=\"content\" class=\"kc-elm kc-css-359016 kc_row\"><div class=\"kc-row-container\"><div class=\"kc-wrap-columns\"><div class=\"kc-elm kc-css-373900 kc_column kc_col-sm-12\"><div class=\"kc-col-container\"><div class=\"kc-elm kc-css-973170 kc-raw-code\"><div id=\"main\" class=\"all_colors\" data-scroll-offset=\"0\">\r\n<div id=\"full_slider_1\" class=\"avia-fullwidth-slider main_color avia-shadow   avia-builder-el-0  el_before_av_section  avia-builder-el-first   container_wrap fullsize\" style=\" \">\r\n<div data-size=\"no scaling\" data-lightbox_size=\"large\" data-animation=\"fade\" data-conditional_play=\"\" data-ids=\"132\" data-video_counter=\"0\" data-autoplay=\"false\" data-bg_slider=\"false\" data-slide_height=\"\" data-handle=\"av_slideshow_full\" data-interval=\"5\" data-class=\" \" data-el_id=\"\" data-css_id=\"\" data-scroll_down=\"\" data-control_layout=\"av-control-default\" data-custom_markup=\"\" data-perma_caption=\"\" data-autoplay_stopper=\"\" data-image_attachment=\"\" data-min_height=\"0px\" data-src=\"\" data-position=\"top left\" data-repeat=\"no-repeat\" data-attach=\"scroll\" data-stretch=\"\" class=\"avia-slideshow avia-slideshow-1 av-control-default avia-slideshow-no scaling av_slideshow_full avia-fade-slider\">\r\n<ul class=\"avia-slideshow-inner \" style=\"padding: 0px;\">\r\n<li class=\"av-single-slide slide-1  active-slide\" style=\"visibility: visible; opacity: 1; transition: none 0s ease 0s; transform: translateZ(0px);\">\r\n<div data-rel=\"slideshow-1\" class=\"avia-slide-wrap \">\r\n<div class=\"caption_fullwidth av-slideshow-caption caption_right\"> \r\n<div class=\"container caption_container\"><div class=\"slideshow_caption\"><div class=\"slideshow_inner_caption\">\r\n<div class=\"slideshow_align_caption\"><h2 style=\"font-size:35px; color:#fff;\" class=\"avia-caption-title\">W\u00f3zki inwalidzkie<\/h2>\r\n<div class=\"avia-caption-content  av_inherit_color\" style=\"font-size:18px; color:#fff;\"><p>Nowoczesne, wszechstronne, wytrzyma\u0142e<\/p>\r\n<\/div><\/div><\/div><\/div><\/div><\/div>\r\n<img fetchpriority=\"high\" decoding=\"async\" src=\"http:\/\/tanalski.home.pl\/tanalski\/wp-content\/uploads\/2020\/03\/slide-wozki.jpg\" title=\"\" alt=\"\" style=\"left: 0px;\" width=\"1732\" height=\"770\">\r\n<\/div><\/li><\/ul><\/div><\/div><\/div><\/div><\/div><\/div><\/div><\/div><\/section><section class=\"kc-elm kc-css-242324 kc_row\"><div class=\"kc-row-container  kc-container\"><div class=\"kc-wrap-columns\"><div class=\"kc-elm kc-css-856554 kc_col-sm-7 kc_column kc_col-sm-7\"><div class=\"kc-col-container\">\n<div class=\"kc-elm kc-css-432752 kc-title-wrap \">\n\n\t<h2 class=\"kc_title\">W\u00f3zek inwalidzki Saturn sport<\/h2>\n<\/div>\n<div data-allowopenall=\"true\" data-closeall=\"true\" class=\"kc-elm kc-css-294940 kc_accordion_wrapper\">\n<div class=\"kc-elm kc-css-186581 kc_accordion_section group \"><h3 class=\"kc_accordion_header ui-accordion-header\"><span class=\"ui-accordion-header-icon ui-icon\"><\/span><a href=\"#opis\" data-prevent=\"scroll\"><i class=\"\"><\/i> Opis<\/a><\/h3><div class=\"kc_accordion_content ui-accordion-content kc_clearfix\"><div class=\"kc-panel-body\"><div class=\"kc-elm kc-css-222388 kc_text_block\"><\/p>\n<p>\nDu\u017cy, silny pojazd skonstruowany zar\u00f3wno do dalszych wyjazd\u00f3w (wi\u0119ksza szybko\u015b\u0107) jak r\u00f3wnie\u017c do zakup\u00f3w. Doskona\u0142a amortyzacja dostosowana do du\u017cych obci\u0105\u017ce\u0144. Zwi\u0119kszony rozmiar k\u00f3\u0142 pozwala na pokonywanie wi\u0119kszych przeszk\u00f3d i jazd\u0119 po nier\u00f3wnym terenie. Siedzenie przesuwane, obracane 180 stopni, podnoszone i regulowane pod\u0142okietniki. Oparcie z regulacj\u0105 k\u0105ta pochylenia.<\/p>\n<p>Zalety: Wszechstronna regulacja fotela i kierownicy, bogate wyposa\u017cenie ; zintegrowane \u015bwiat\u0142a; nowa podw\u00f3jna lampa przednia; kierunkowskazy; stop; klakson; uchwyt na kule; koszyk z przodu i z ty\u0142u; lusterka; dodatkowy hamulec tarczowy; fotel kapita\u0144ski z zag\u0142\u00f3wkiem i pasem biodrowym; amortyzacja z przodu i ty\u0142u; p\u0142ynna regulacja obrot\u00f3w; czytelny panel sterowania.<\/p>\n<p>\n<\/div><\/div><\/div><\/div><div class=\"kc-elm kc-css-780629 kc_accordion_section group \"><h3 class=\"kc_accordion_header ui-accordion-header\"><span class=\"ui-accordion-header-icon ui-icon\"><\/span><a href=\"#secyfikacja-techniczna\" data-prevent=\"scroll\"><i class=\"\"><\/i> Secyfikacja techniczna<\/a><\/h3><div class=\"kc_accordion_content ui-accordion-content kc_clearfix\"><div class=\"kc-panel-body\"><div class=\"kc-elm kc-css-552214 kc_text_block\"><\/p>\n<p>Specyfikacja techniczna:<\/p>\n<ul>\n<li style=\"list-style-type: none;\">\u00a0<\/li>\n<li>Wymiary d\u0142\/szer\/wys&#8230;&#8230;&#8230;&#8230;&#8230;&#8230;&#8230; 1560\/650\/1250<\/li>\n<li>Max. pr\u0119dko\u015b\u0107 do przodu&#8230;&#8230;&#8230;&#8230;&#8230;.. 16 km\/h<\/li>\n<li>Max. pr\u0119dko\u015b\u0107 do ty\u0142u&#8230;&#8230;&#8230;&#8230;&#8230;&#8230;. 6.0 km\/h<\/li>\n<li>Max. stopie\u0144 wspinania&#8230;&#8230;&#8230;&#8230;&#8230;&#8230; 15o<\/li>\n<li>Dopuszczalne obci\u0105\u017cenie&#8230;&#8230;&#8230;&#8230;&#8230;.. 205 kg<\/li>\n<li>Prze\u015bwit nad pod\u0142o\u017cem&#8230;&#8230;&#8230;&#8230;&#8230;&#8230;. 10 cm<\/li>\n<li>Zasi\u0119g na pe\u0142nym na\u0142adowaniu&#8230;&#8230;&#8230;&#8230; do 60 km*<\/li>\n<li>Promie\u0144 zawracania&#8230;&#8230;&#8230;&#8230;&#8230;&#8230;&#8230;. 1.48 m<\/li>\n<li>Ko\u0142a pompowane&#8230;&#8230;&#8230;&#8230;&#8230;&#8230;&#8230;&#8230;.. 31cm x 9cm\/h4&gt;<\/li>\n<li>Waga bez baterii&#8230;&#8230;&#8230;&#8230;&#8230;&#8230;&#8230;&#8230; 80.0 kg<\/li>\n<li>Moc silnika&#8230;&#8230;&#8230;&#8230;&#8230;&#8230;&#8230;&#8230;&#8230;.. 1000W<\/li>\n<li>2 baterie \u017celowe 12V\/55Ah lub 12V\/75Ah\n<p>* parametry zale\u017cne od warunk\u00f3w jazdy<\/li>\n<\/ul>\n<p>\n<\/div><\/div><\/div><\/div><\/div>\n\n<div class=\"kc-elm kc-css-185893\">\n\t<a class=\"kc_button\" href=\"http:\/\/elektroskutery.pl\/\" target=\"_blank\" title=\"\" onclick=\"\">\n\t\tPrzejd\u017a do sklepu \t<\/a>\n<\/div>\n<\/div><\/div><div class=\"kc-elm kc-css-21860 kc_col-sm-5 kc_column kc_col-sm-5\"><div class=\"kc-col-container\"><div class=\"kc-elm kc-css-829541\">\n\t<div class=\"kc-carousel_images kc-elm kc-css-829541\">\n\t\n\t\t<div class=\"kc-carousel-images owl-carousel-images kc-sync1  owl-nav-arrow\" data-owl-i-options='{\"items\":\"1\",\"tablet\":\"1\",\"mobile\":\"1\",\"speed\":\"500\",\"navigation\":\"yes\",\"pagination\":\"\",\"autoheight\":\"\",\"progressbar\":\"\",\"delay\":\"8\",\"autoplay\":\"yes\",\"showthumb\":\"yes\",\"num_thumb\":\"3\"}'>\n\t\n\t\t\t\t\t<div class=\"item\">\n\t\n\t\t\t<a class=\"kc-image-link kc-pretty-photo\" data-lightbox=\"kc-lightbox\" rel=\"prettyPhoto[829541]\" href=\"https:\/\/tanalski.eu\/wp-content\/uploads\/2020\/07\/Saturn.jpg\"><img decoding=\"async\" src=\"https:\/\/tanalski.eu\/wp-content\/uploads\/2020\/07\/Saturn.jpg\" alt=\"\" \/><\/a>\t\n\t\t\t<\/div>\n\t\n\t\t\t\t\t<div class=\"item\">\n\t\n\t\t\t<a class=\"kc-image-link kc-pretty-photo\" data-lightbox=\"kc-lightbox\" rel=\"prettyPhoto[829541]\" href=\"https:\/\/tanalski.eu\/wp-content\/uploads\/2020\/07\/Saturn-9.jpg\"><img decoding=\"async\" src=\"https:\/\/tanalski.eu\/wp-content\/uploads\/2020\/07\/Saturn-9.jpg\" alt=\"\" \/><\/a>\t\n\t\t\t<\/div>\n\t\n\t\t\t\t\t<div class=\"item\">\n\t\n\t\t\t<a class=\"kc-image-link kc-pretty-photo\" data-lightbox=\"kc-lightbox\" rel=\"prettyPhoto[829541]\" href=\"https:\/\/tanalski.eu\/wp-content\/uploads\/2020\/07\/Saturn-5.jpg\"><img decoding=\"async\" src=\"https:\/\/tanalski.eu\/wp-content\/uploads\/2020\/07\/Saturn-5.jpg\" alt=\"\" \/><\/a>\t\n\t\t\t<\/div>\n\t\n\t\t\t\t\t<div class=\"item\">\n\t\n\t\t\t<a class=\"kc-image-link kc-pretty-photo\" data-lightbox=\"kc-lightbox\" rel=\"prettyPhoto[829541]\" href=\"https:\/\/tanalski.eu\/wp-content\/uploads\/2020\/07\/Saturn-4.jpg\"><img decoding=\"async\" src=\"https:\/\/tanalski.eu\/wp-content\/uploads\/2020\/07\/Saturn-4.jpg\" alt=\"\" \/><\/a>\t\n\t\t\t<\/div>\n\t\n\t\t\t\t\t<div class=\"item\">\n\t\n\t\t\t<a class=\"kc-image-link kc-pretty-photo\" data-lightbox=\"kc-lightbox\" rel=\"prettyPhoto[829541]\" href=\"https:\/\/tanalski.eu\/wp-content\/uploads\/2020\/07\/Saturn-3.jpg\"><img decoding=\"async\" src=\"https:\/\/tanalski.eu\/wp-content\/uploads\/2020\/07\/Saturn-3.jpg\" alt=\"\" \/><\/a>\t\n\t\t\t<\/div>\n\t\n\t\t\t\t\t<div class=\"item\">\n\t\n\t\t\t<a class=\"kc-image-link kc-pretty-photo\" data-lightbox=\"kc-lightbox\" rel=\"prettyPhoto[829541]\" href=\"https:\/\/tanalski.eu\/wp-content\/uploads\/2020\/07\/Saturn-2.jpg\"><img decoding=\"async\" src=\"https:\/\/tanalski.eu\/wp-content\/uploads\/2020\/07\/Saturn-2.jpg\" alt=\"\" \/><\/a>\t\n\t\t\t<\/div>\n\t\n\t\t\t\t\t<div class=\"item\">\n\t\n\t\t\t<a class=\"kc-image-link kc-pretty-photo\" data-lightbox=\"kc-lightbox\" rel=\"prettyPhoto[829541]\" href=\"https:\/\/tanalski.eu\/wp-content\/uploads\/2020\/03\/saturn-sport3-e1594647322419.jpg\"><img decoding=\"async\" src=\"https:\/\/tanalski.eu\/wp-content\/uploads\/2020\/03\/saturn-sport3-e1594647322419.jpg\" alt=\"\" \/><\/a>\t\n\t\t\t<\/div>\n\t\n\t\t\t\n\t\t<\/div>\n\t\n\t\t\t\n\t\t<div class=\"kc-sync2 owl-carousel\">\n\t\t\t\t\n\t\t\t\t<div class=\"item\">\n\t\t\t\t\t<img decoding=\"async\" src=\"https:\/\/tanalski.eu\/wp-content\/uploads\/2020\/07\/Saturn.jpg\" alt=\"\" \/>\n\t\t\t\t<\/div>\n\t\n\t\t\t\t\n\t\t\t\t<div class=\"item\">\n\t\t\t\t\t<img decoding=\"async\" src=\"https:\/\/tanalski.eu\/wp-content\/uploads\/2020\/07\/Saturn-9.jpg\" alt=\"\" \/>\n\t\t\t\t<\/div>\n\t\n\t\t\t\t\n\t\t\t\t<div class=\"item\">\n\t\t\t\t\t<img decoding=\"async\" src=\"https:\/\/tanalski.eu\/wp-content\/uploads\/2020\/07\/Saturn-5.jpg\" alt=\"\" \/>\n\t\t\t\t<\/div>\n\t\n\t\t\t\t\n\t\t\t\t<div class=\"item\">\n\t\t\t\t\t<img decoding=\"async\" src=\"https:\/\/tanalski.eu\/wp-content\/uploads\/2020\/07\/Saturn-4.jpg\" alt=\"\" \/>\n\t\t\t\t<\/div>\n\t\n\t\t\t\t\n\t\t\t\t<div class=\"item\">\n\t\t\t\t\t<img decoding=\"async\" src=\"https:\/\/tanalski.eu\/wp-content\/uploads\/2020\/07\/Saturn-3.jpg\" alt=\"\" \/>\n\t\t\t\t<\/div>\n\t\n\t\t\t\t\n\t\t\t\t<div class=\"item\">\n\t\t\t\t\t<img decoding=\"async\" src=\"https:\/\/tanalski.eu\/wp-content\/uploads\/2020\/07\/Saturn-2.jpg\" alt=\"\" \/>\n\t\t\t\t<\/div>\n\t\n\t\t\t\t\n\t\t\t\t<div class=\"item\">\n\t\t\t\t\t<img decoding=\"async\" src=\"https:\/\/tanalski.eu\/wp-content\/uploads\/2020\/03\/saturn-sport3-e1594647322419.jpg\" alt=\"\" \/>\n\t\t\t\t<\/div>\n\t\n\t\t\t\t\t<\/div>\n\t\n\t\t\t<\/div>\n<\/div>\n<\/div><\/div><\/div><\/div><\/section><section class=\"kc-elm kc-css-550103 kc_row border-t\"><div class=\"kc-row-container  kc-container\"><div class=\"kc-wrap-columns\"><div class=\"kc-elm kc-css-281276 kc_col-sm-7 kc_column kc_col-sm-7\"><div class=\"kc-col-container\">\n<div class=\"kc-elm kc-css-708476 kc-title-wrap \">\n\n\t<h2 class=\"kc_title\">W\u00f3zek inwalidzki Omega exstra<\/h2>\n<\/div>\n<div data-allowopenall=\"true\" data-closeall=\"true\" class=\"kc-elm kc-css-648343 kc_accordion_wrapper\">\n<div class=\"kc-elm kc-css-51349 kc_accordion_section group \"><h3 class=\"kc_accordion_header ui-accordion-header\"><span class=\"ui-accordion-header-icon ui-icon\"><\/span><a href=\"#opis\" data-prevent=\"scroll\"><i class=\"\"><\/i> Opis<\/a><\/h3><div class=\"kc_accordion_content ui-accordion-content kc_clearfix\"><div class=\"kc-panel-body\"><div class=\"kc-elm kc-css-533523 kc_text_block\"><\/p>\n<p>\nNiedu\u017cy, a bardzo silny pojazd skonstruowany zar\u00f3wno do dalszych wyjazd\u00f3w jak r\u00f3wnie\u017c do zakup\u00f3w. Doskona\u0142a amortyzacja dostosowana do du\u017cych obci\u0105\u017ce\u0144. Zwi\u0119kszony rozmiar k\u00f3\u0142 pozwala na pokonywanie wi\u0119kszych przeszk\u00f3d i jazd\u0119 po nier\u00f3wnym terenie.<\/p>\n<p>Zalety: Wszechstronna regulacja fotela oraz oparcia z zag\u0142\u00f3wkiem w ka\u017cdej p\u0142aszczy\u017anie. Fotel jest przesuwany prz\u00f3d-ty\u0142, g\u00f3ra-d\u00f3\u0142 oraz obracany o 180 stopni, a pod\u0142okietniki s\u0105 podnoszone i regulowane co znacznie u\u0142atwia wsiadanie. K\u0105t pochylenia kierownicy jest p\u0142ynnie regulowany. Dodatkowo na kolumnie kierownicy jest zamontowany sk\u0142adany uchwyt na napoje.<\/p>\n<p>\n<\/div><\/div><\/div><\/div><div class=\"kc-elm kc-css-745823 kc_accordion_section group \"><h3 class=\"kc_accordion_header ui-accordion-header\"><span class=\"ui-accordion-header-icon ui-icon\"><\/span><a href=\"#secyfikacja-techniczna\" data-prevent=\"scroll\"><i class=\"\"><\/i> Secyfikacja techniczna<\/a><\/h3><div class=\"kc_accordion_content ui-accordion-content kc_clearfix\"><div class=\"kc-panel-body\"><div class=\"kc-elm kc-css-672150 kc_text_block\"><\/p>\n<ul>\n<li><span style=\"font-style: inherit;\">Specyfikacja techniczna:<\/span><\/li>\n<\/ul>\n<ul>\n<li>Wymiary d\u0142\/szer\/wys&#8230;&#8230;&#8230;&#8230;&#8230;&#8230;&#8230; 1360\/670\/1250<\/li>\n<li>Max. pr\u0119dko\u015b\u0107 do przodu&#8230;&#8230;&#8230;&#8230;&#8230;.. 14 km\/h<\/li>\n<li>Prze\u015bwit nad pod\u0142o\u017cem&#8230;&#8230;&#8230;&#8230;&#8230;&#8230;. 14 cm<\/li>\n<li>Zasi\u0119g na pe\u0142nym na\u0142adowaniu&#8230;&#8230;&#8230;&#8230; do 45 km*<\/li>\n<li>Promie\u0144 zawracania&#8230;&#8230;&#8230;&#8230;&#8230;&#8230;&#8230;. 1.48 m<\/li>\n<li>Ko\u0142a pompowane&#8230;&#8230;&#8230;&#8230;&#8230;&#8230;&#8230;&#8230;.. 33cm x 10 m &#8211; czyli 13 cal<\/li>\n<li>Moc silnika&#8230;&#8230;&#8230;&#8230;&#8230;&#8230;&#8230;&#8230;&#8230;.. 800W<\/li>\n<li>2 baterie \u017celowe 12V\/45Ah<\/li>\n<\/ul>\n<p>* parametry zale\u017cne od warunk\u00f3w jazdy<\/p>\n<p>\n<\/div><\/div><\/div><\/div><\/div>\n\n<div class=\"kc-elm kc-css-757894\">\n\t<a class=\"kc_button\" href=\"http:\/\/elektroskutery.pl\/\" target=\"_blank\" title=\"\" onclick=\"\">\n\t\tPrzejd\u017a do sklepu \t<\/a>\n<\/div>\n<\/div><\/div><div class=\"kc-elm kc-css-415821 kc_col-sm-5 kc_column kc_col-sm-5\"><div class=\"kc-col-container\"><div class=\"kc-elm kc-css-362038\">\n\t<div class=\"kc-carousel_images kc-elm kc-css-362038\">\n\t\n\t\t<div class=\"kc-carousel-images owl-carousel-images kc-sync1  owl-nav-arrow\" data-owl-i-options='{\"items\":\"1\",\"tablet\":\"1\",\"mobile\":\"1\",\"speed\":\"500\",\"navigation\":\"yes\",\"pagination\":\"\",\"autoheight\":\"\",\"progressbar\":\"\",\"delay\":\"8\",\"autoplay\":\"yes\",\"showthumb\":\"yes\",\"num_thumb\":\"6\"}'>\n\t\n\t\t\t\t\t<div class=\"item\">\n\t\n\t\t\t<a class=\"kc-image-link kc-pretty-photo\" data-lightbox=\"kc-lightbox\" rel=\"prettyPhoto[362038]\" href=\"https:\/\/tanalski.eu\/wp-content\/uploads\/2020\/03\/saturn-sport2.jpg\"><img decoding=\"async\" src=\"https:\/\/tanalski.eu\/wp-content\/uploads\/2020\/03\/saturn-sport2.jpg\" alt=\"\" \/><\/a>\t\n\t\t\t<\/div>\n\t\n\t\t\t\t\t<div class=\"item\">\n\t\n\t\t\t<a class=\"kc-image-link kc-pretty-photo\" data-lightbox=\"kc-lightbox\" rel=\"prettyPhoto[362038]\" href=\"https:\/\/tanalski.eu\/wp-content\/uploads\/2020\/03\/omega3.jpg\"><img decoding=\"async\" src=\"https:\/\/tanalski.eu\/wp-content\/uploads\/2020\/03\/omega3.jpg\" alt=\"\" \/><\/a>\t\n\t\t\t<\/div>\n\t\n\t\t\t\t\t<div class=\"item\">\n\t\n\t\t\t<a class=\"kc-image-link kc-pretty-photo\" data-lightbox=\"kc-lightbox\" rel=\"prettyPhoto[362038]\" href=\"https:\/\/tanalski.eu\/wp-content\/uploads\/2020\/03\/omega5.jpg\"><img decoding=\"async\" src=\"https:\/\/tanalski.eu\/wp-content\/uploads\/2020\/03\/omega5.jpg\" alt=\"\" \/><\/a>\t\n\t\t\t<\/div>\n\t\n\t\t\t\t\t<div class=\"item\">\n\t\n\t\t\t<a class=\"kc-image-link kc-pretty-photo\" data-lightbox=\"kc-lightbox\" rel=\"prettyPhoto[362038]\" href=\"https:\/\/tanalski.eu\/wp-content\/uploads\/2020\/03\/omega4.jpg\"><img decoding=\"async\" src=\"https:\/\/tanalski.eu\/wp-content\/uploads\/2020\/03\/omega4.jpg\" alt=\"\" \/><\/a>\t\n\t\t\t<\/div>\n\t\n\t\t\t\t\t<div class=\"item\">\n\t\n\t\t\t<a class=\"kc-image-link kc-pretty-photo\" data-lightbox=\"kc-lightbox\" rel=\"prettyPhoto[362038]\" href=\"https:\/\/tanalski.eu\/wp-content\/uploads\/2020\/03\/omega2.jpg\"><img decoding=\"async\" src=\"https:\/\/tanalski.eu\/wp-content\/uploads\/2020\/03\/omega2.jpg\" alt=\"\" \/><\/a>\t\n\t\t\t<\/div>\n\t\n\t\t\t\n\t\t<\/div>\n\t\n\t\t\t\n\t\t<div class=\"kc-sync2 owl-carousel\">\n\t\t\t\t\n\t\t\t\t<div class=\"item\">\n\t\t\t\t\t<img decoding=\"async\" src=\"https:\/\/tanalski.eu\/wp-content\/uploads\/2020\/03\/saturn-sport2.jpg\" alt=\"\" \/>\n\t\t\t\t<\/div>\n\t\n\t\t\t\t\n\t\t\t\t<div class=\"item\">\n\t\t\t\t\t<img decoding=\"async\" src=\"https:\/\/tanalski.eu\/wp-content\/uploads\/2020\/03\/omega3.jpg\" alt=\"\" \/>\n\t\t\t\t<\/div>\n\t\n\t\t\t\t\n\t\t\t\t<div class=\"item\">\n\t\t\t\t\t<img decoding=\"async\" src=\"https:\/\/tanalski.eu\/wp-content\/uploads\/2020\/03\/omega5.jpg\" alt=\"\" \/>\n\t\t\t\t<\/div>\n\t\n\t\t\t\t\n\t\t\t\t<div class=\"item\">\n\t\t\t\t\t<img decoding=\"async\" src=\"https:\/\/tanalski.eu\/wp-content\/uploads\/2020\/03\/omega4.jpg\" alt=\"\" \/>\n\t\t\t\t<\/div>\n\t\n\t\t\t\t\n\t\t\t\t<div class=\"item\">\n\t\t\t\t\t<img decoding=\"async\" src=\"https:\/\/tanalski.eu\/wp-content\/uploads\/2020\/03\/omega2.jpg\" alt=\"\" \/>\n\t\t\t\t<\/div>\n\t\n\t\t\t\t\t<\/div>\n\t\n\t\t\t<\/div>\n<\/div>\n<\/div><\/div><\/div><\/div><\/section><section class=\"kc-elm kc-css-839853 kc_row border-t\"><div class=\"kc-row-container  kc-container\"><div class=\"kc-wrap-columns\"><div class=\"kc-elm kc-css-122079 kc_col-sm-7 kc_column kc_col-sm-7\"><div class=\"kc-col-container\">\n<div class=\"kc-elm kc-css-244496 kc-title-wrap \">\n\n\t<h2 class=\"kc_title\">Jowisz Extra<\/h2>\n<\/div>\n\n<div class=\"kc-elm kc-css-162658 kc-title-wrap \">\n\n\t<h4 class=\"kc_title\">Tr\u00f3jko\u0142owy pojazd elektryczny dla os\u00f3b niepe\u0142nosprawnych<\/h4>\n<\/div>\n<div data-allowopenall=\"true\" data-closeall=\"true\" class=\"kc-elm kc-css-240930 kc_accordion_wrapper\">\n<div class=\"kc-elm kc-css-438225 kc_accordion_section group \"><h3 class=\"kc_accordion_header ui-accordion-header\"><span class=\"ui-accordion-header-icon ui-icon\"><\/span><a href=\"#opis\" data-prevent=\"scroll\"><i class=\"\"><\/i> Opis<\/a><\/h3><div class=\"kc_accordion_content ui-accordion-content kc_clearfix\"><div class=\"kc-panel-body\"><div class=\"kc-elm kc-css-508423 kc_text_block\"><\/p>\n<p><span style=\"color: rgb(0, 0, 0); text-align: -webkit-center; background-color: rgba(255, 255, 255, 0.9); font-size: 18pt; font-family: \"Bookman Old Style\", serif; font-weight: bold;\">JOWISZ<\/span><span style=\"color: rgb(0, 0, 0); text-align: -webkit-center; background-color: rgba(255, 255, 255, 0.9); font-size: 18pt; font-family: \"Bookman Old Style\", serif;\">\u00a0<span style=\"font-weight: bold;\">EXTRA<\/span>&#8211; tr\u00f3jko\u0142owy pojazd elektryczny dla os\u00f3b niepe\u0142nosprawnych<\/span><\/p>\n<p>\n<\/div><\/div><\/div><\/div><div class=\"kc-elm kc-css-354678 kc_accordion_section group \"><h3 class=\"kc_accordion_header ui-accordion-header\"><span class=\"ui-accordion-header-icon ui-icon\"><\/span><a href=\"#secyfikacja-techniczna\" data-prevent=\"scroll\"><i class=\"\"><\/i> Secyfikacja techniczna<\/a><\/h3><div class=\"kc_accordion_content ui-accordion-content kc_clearfix\"><div class=\"kc-panel-body\"><div class=\"kc-elm kc-css-486466 kc_text_block\"><\/p>\n<p>Specyfikacja techniczna:<\/p>\n<ul>\n<li>Wymiary &#8230;&#8230;&#8230;&#8230;&#8230;&#8230;&#8230;&#8230;&#8230;&#8230;&#8230;&#8230;.. 1520x700x1050mm<\/li>\n<li>Waga z bateriami &#8230;&#8230;&#8230;&#8230;&#8230;&#8230;&#8230;&#8230;&#8230;.. 68kg<\/li>\n<li>Dopuszczalne obci\u0105\u017cenie &#8230;&#8230;&#8230;&#8230;&#8230;&#8230;&#8230;. 120kg<\/li>\n<li>Baterie \u017celowe &#8230;&#8230;&#8230;&#8230;&#8230;&#8230;&#8230;&#8230;&#8230;&#8230;. x12V 24Ah\/33Ah<\/li>\n<li>Moc silnika &#8230;&#8230;&#8230;&#8230;&#8230;&#8230;&#8230;&#8230;&#8230;&#8230;&#8230;. 400W<\/li>\n<li>Maks.pr\u0119dko\u015b\u0107&#8230;&#8230;&#8230;&#8230;&#8230;&#8230;&#8230;&#8230;&#8230;&#8230;&#8230; 10km\/h*<\/li>\n<li>Zasi\u0119g na pe\u0142nym na\u0142adowaniu &#8230;&#8230;&#8230;&#8230;&#8230;.. 35km*<\/li>\n<li>\u0141adowarka &#8230;&#8230;&#8230;&#8230;&#8230;&#8230;&#8230;&#8230;&#8230;&#8230;&#8230;&#8230; 24V 2.5-3A<\/li>\n<li>Maks.stopie\u0144 wspinania &#8230;&#8230;&#8230;&#8230;&#8230;&#8230;&#8230;.. 15o<\/li>\n<li>Ko\u0142a pompowane &#8230;&#8230;&#8230;&#8230;&#8230;&#8230;&#8230;&#8230;&#8230;&#8230;. 16&#039;&#039;x2.50<\/li>\n<\/ul>\n<p>* parametry zale\u017cne od warunk\u00f3w jazdy<\/p>\n<p>\n<\/div><\/div><\/div><\/div><\/div>\n\n<div class=\"kc-elm kc-css-911030\">\n\t<a class=\"kc_button\" href=\"http:\/\/elektroskutery.pl\/\" target=\"_blank\" title=\"\" onclick=\"\">\n\t\tPrzejd\u017a do sklepu \t<\/a>\n<\/div>\n<\/div><\/div><div class=\"kc-elm kc-css-775694 kc_col-sm-5 kc_column kc_col-sm-5\"><div class=\"kc-col-container\"><div class=\"kc-elm kc-css-108092\">\n\t<div class=\"kc-carousel_images kc-elm kc-css-108092\">\n\t\n\t\t<div class=\"kc-carousel-images owl-carousel-images kc-sync1 \" data-owl-i-options='{\"items\":\"3\",\"tablet\":\"2\",\"mobile\":\"1\",\"speed\":\"500\",\"navigation\":\"\",\"pagination\":\"yes\",\"autoheight\":\"\",\"progressbar\":\"\",\"delay\":\"8\",\"autoplay\":\"yes\",\"showthumb\":\"\",\"num_thumb\":\"5\"}'>\n\t\n\t\t\t\t\t<div class=\"item\">\n\t\n\t\t\t\t\t\t\t<img decoding=\"async\" src=\"https:\/\/tanalski.eu\/wp-content\/uploads\/2020\/03\/jowisz.jpg\"  alt=\"\"\/>\n\t\n\t\t\t\t\n\t\t\t<\/div>\n\t\n\t\t\t\t\t<div class=\"item\">\n\t\n\t\t\t\t\t\t\t<img decoding=\"async\" src=\"https:\/\/tanalski.eu\/wp-content\/uploads\/2020\/07\/JOWISZ-EXTRA-5-p.jpg\"  alt=\"\"\/>\n\t\n\t\t\t\t\n\t\t\t<\/div>\n\t\n\t\t\t\n\t\t<\/div>\n\t\n\t\t\t<\/div>\n<\/div>\n<\/div><\/div><\/div><\/div><\/section><\/p>\n","protected":false},"excerpt":{"rendered":"","protected":false},"author":1,"featured_media":0,"parent":0,"menu_order":0,"comment_status":"closed","ping_status":"closed","template":"","meta":{"footnotes":""},"class_list":["post-396","page","type-page","status-publish","hentry"],"_links":{"self":[{"href":"https:\/\/tanalski.eu\/index.php\/wp-json\/wp\/v2\/pages\/396","targetHints":{"allow":["GET"]}}],"collection":[{"href":"https:\/\/tanalski.eu\/index.php\/wp-json\/wp\/v2\/pages"}],"about":[{"href":"https:\/\/tanalski.eu\/index.php\/wp-json\/wp\/v2\/types\/page"}],"author":[{"embeddable":true,"href":"https:\/\/tanalski.eu\/index.php\/wp-json\/wp\/v2\/users\/1"}],"replies":[{"embeddable":true,"href":"https:\/\/tanalski.eu\/index.php\/wp-json\/wp\/v2\/comments?post=396"}],"version-history":[{"count":35,"href":"https:\/\/tanalski.eu\/index.php\/wp-json\/wp\/v2\/pages\/396\/revisions"}],"predecessor-version":[{"id":727,"href":"https:\/\/tanalski.eu\/index.php\/wp-json\/wp\/v2\/pages\/396\/revisions\/727"}],"wp:attachment":[{"href":"https:\/\/tanalski.eu\/index.php\/wp-json\/wp\/v2\/media?parent=396"}],"curies":[{"name":"wp","href":"https:\/\/api.w.org\/{rel}","templated":true}]}}