{"id":153,"date":"2020-03-17T09:51:26","date_gmt":"2020-03-17T08:51:26","guid":{"rendered":"http:\/\/tanalski.home.pl\/tanalski\/?page_id=153"},"modified":"2023-11-23T12:29:38","modified_gmt":"2023-11-23T11:29:38","slug":"home","status":"publish","type":"page","link":"https:\/\/tanalski.eu\/","title":{"rendered":"Strona g\u0142\u00f3wna"},"content":{"rendered":"<p><section data-kc-fullwidth=\"content\" class=\"kc-elm kc-css-321314 kc_row\"><div class=\"kc-row-container\"><div class=\"kc-wrap-columns\"><div class=\"kc-elm kc-css-730994 kc_col-sm-12 kc_column kc_col-sm-12\"><div class=\"kc-col-container\"><div class=\"kc-elm kc-css-43915 kc-raw-code\"><div id=\"main\" class=\"all_colors\" data-scroll-offset=\"0\">\r\n<div id=\"full_slider_1\" class=\"avia-fullwidth-slider main_color avia-shadow   avia-builder-el-0  el_before_av_section  avia-builder-el-first   container_wrap fullsize\" style=\" \">\r\n<div data-size=\"no scaling\" data-lightbox_size=\"large\" data-animation=\"fade\" data-conditional_play=\"\" data-ids=\"132\" data-video_counter=\"0\" data-autoplay=\"false\" data-bg_slider=\"false\" data-slide_height=\"\" data-handle=\"av_slideshow_full\" data-interval=\"5\" data-class=\" \" data-el_id=\"\" data-css_id=\"\" data-scroll_down=\"\" data-control_layout=\"av-control-default\" data-custom_markup=\"\" data-perma_caption=\"\" data-autoplay_stopper=\"\" data-image_attachment=\"\" data-min_height=\"0px\" data-src=\"\" data-position=\"top left\" data-repeat=\"no-repeat\" data-attach=\"scroll\" data-stretch=\"\" class=\"avia-slideshow avia-slideshow-1 av-control-default avia-slideshow-no scaling av_slideshow_full avia-fade-slider\">\r\n<ul class=\"avia-slideshow-inner \" style=\"padding: 0px;\">\r\n<li class=\"av-single-slide slide-1  active-slide\" style=\"visibility: visible; opacity: 1; transition: none 0s ease 0s; transform: translateZ(0px);\">\r\n<div data-rel=\"slideshow-1\" class=\"avia-slide-wrap \">\r\n<div class=\"caption_fullwidth av-slideshow-caption caption_right\"> \r\n<div class=\"container caption_container\"><div class=\"slideshow_caption\"><div class=\"slideshow_inner_caption\">\r\n<div class=\"slideshow_align_caption\"><h2 style=\"font-size:35px; color:#fff;\" class=\"avia-caption-title\">P.T. Tanalski<\/h2>\r\n<div class=\"avia-caption-content  av_inherit_color\" style=\"font-size:18px; color:#fff;\"><p>Nap\u0119dy elektryczne, w\u00f3zki inwalidzkie, rowery rehabilitacyjne<\/p>\r\n<\/div><\/div><\/div><\/div><\/div><\/div>\r\n<img fetchpriority=\"high\" decoding=\"async\" src=\"http:\/\/tanalski.home.pl\/tanalski\/wp-content\/uploads\/2020\/03\/slider-1.jpg\" title=\"\" alt=\"\" style=\"left: 0px;\" width=\"1932\" height=\"1288\">\r\n<\/div><\/li><\/ul><\/div><\/div><\/div><\/div><\/div><\/div><\/div><\/div><\/section><section data-kc-fullwidth=\"row\" class=\"kc-elm kc-css-935631 kc_row\"><div class=\"kc-row-container  kc-container\"><div class=\"kc-wrap-columns\"><div class=\"kc-elm kc-css-422519 kc_col-sm-12 kc_column kc_col-sm-12\"><div class=\"kc-col-container\">\n<div class=\"kc-elm kc-css-17663 kc-title-wrap \">\n\n\t<h2 class=\"kc_title\">O nas<\/h2>\n<\/div>\n\n<div class=\"kc-elm kc-css-455271 kc-title-wrap \">\n\n\t<h4 class=\"kc_title\"><\/h4>\n<\/div>\n<div class=\"kc-elm kc-css-481832 kc_text_block\"><\/p>\n<p style=\"text-align: center; font-size: 18px;\">Firma P.T. Tanalski zosta\u0142a za\u0142o\u017cona w 1997 roku i dzia\u0142a nieprzerwanie do dnia dzisiejszego. Pojazdami o nap\u0119dzie elektrycznym zajmujemy si\u0119 od 2002 roku. W okresie ponad dwudziestu lat dzia\u0142alno\u015bci na rynku pojazd\u00f3w elektrycznych zyskali\u015bmy grono wiernych klient\u00f3w. Pocz\u0105tkowo importowali\u015bmy pojazdy elektryczne zza granicy i sprzedawali\u015bmy je w ca\u0142ej Polsce. Z czasem rozpocz\u0119li\u015bmy\u00a0<span style=\"font-style: inherit;\">samodzielny monta\u017c pojazd\u00f3w elektrycznych,<\/span><span style=\"font-style: inherit;\">\u00a0<\/span><span style=\"font-style: inherit;\">\u00a0a obecnie produkujemy\u00a0<\/span><span style=\"font-style: inherit;\">r\u00f3wnie\u017c,<\/span><span style=\"font-style: inherit;\">\u00a0opracowane\u00a0<\/span><span style=\"font-style: inherit;\">przez nas<\/span><span style=\"font-style: inherit;\">\u00a0nap\u0119dy do w\u00f3zk\u00f3w inwalidzkich. Posiadamy kilka wzor\u00f3w zastrze\u017conych w Urz\u0119dzie Patentowym. Za opracowany przez nas innowacyjny nap\u0119d do w\u00f3zka inwalidzkiego otrzymali\u015bmy w 2014 roku wyr\u00f3\u017cnienie na XXII Mi\u0119dzynarodowych Targach \u201e Rehabilitacja\u201d. Wielokrotnie brali\u015bmy r\u00f3wnie\u017c udzia\u0142 w targach \u2018REHACARE\u201d w Dusseldorfie, gdzie nasz wyr\u00f3b zyska\u0142 uznanie zwiedzaj\u0105cych. Obecnie produkowane przez nas nap\u0119dy do w\u00f3zk\u00f3w inwalidzkich mo\u017cna spotka\u0107 w takich krajach jak: Finlandia, S\u0142owacja, Estonia, Austria , Kanada, Izrael, Niemcy oraz Litwa.<\/span><\/p>\n<p>\n<\/div><div class=\"kc-elm kc-css-209005\" style=\"height: 20px; clear: both; width:100%;\"><\/div><\/div><\/div><\/div><\/div><\/section><section data-kc-fullwidth=\"content\" class=\"kc-elm kc-css-653610 kc_row\"><div class=\"kc-row-container\"><div class=\"kc-wrap-columns\"><div class=\"kc-elm kc-css-772286 kc_col-sm-12 kc_column kc_col-sm-12\"><div class=\"kc-col-container\"><div class=\"kc-elm kc-css-753473 kc-raw-code\"><div id=\"av-layout-grid-1\" class=\"av-layout-grid-container entry-content-wrapper main_color av-flex-cells avia-builder-el-11 el_after_av_section  el_before_av_layout_row submenu-not-first container_wrap fullsize\" style=\"\">\r\n\r\n<div class=\"flex_cell no_margin av_one_half avia-builder-el-12 el_before_av_cell_one_half avia-builder-el-first av-zero-padding\" style=\"vertical-align:middle; padding:0px; background-color:#ffffff;\">\r\n<div class=\"flex_cell_inner\">\r\n<div class=\"avia-image-container  av-styling-no-styling av-hover-grow   avia-builder-el-13  avia-builder-el-no-sibling  avia-align-center\">\r\n<div class=\"avia-image-container-inner\">\r\n<div class=\"avia-image-overlay-wrap\"><img decoding=\"async\" class=\"avia_image\" src=\"http:\/\/tanalski.home.pl\/tanalski\/wp-content\/uploads\/2020\/03\/napedy.jpg\" alt=\"Nap\u0119dy do w\u00f3zk\u00f3w inwalidzkich\" title=\"Nap\u0119dy do w\u00f3zk\u00f3w inwalidzkich\">\r\n<\/div><\/div><\/div>\r\n<\/div><\/div>\r\n\r\n<div class=\"kc-col-container oferta-l\">\r\n<h2 class=\"\">Najlepsze nap\u0119dy<\/h2>\r\n<p>Od wielu lat jeste\u015bmy polskim producentem nap\u0119d\u00f3w do w\u00f3zk\u00f3w inwalidzkich. W  naszych  produktach wykorzystujemy  w\u0142asne rozwi\u0105zania chronione prawem patentowym. Produkujemy szerok\u0105 gam\u0119 nap\u0119d\u00f3w do w\u00f3zk\u00f3w inwalidzkich r\u00f3\u017cnego zastosowania. Jeste\u015bmy w stanie dostosowa\u0107 nasze wyroby do indywidualnych wymaga\u0144 klienta.<\/p>\r\n<div class=\"kc-elm\">\r\n\t<a class=\"tan-button\" href=\"index.php\/napedy\/\" onclick=\"\">Wi\u0119cej <i class=\"fa-chevron-right\"><\/i>\t<\/a>\r\n<\/div>\r\n<\/div>\r\n<\/div><\/div><div class=\"kc-elm kc-css-407141 kc-raw-code\"><div id=\"av-layout-grid-2\" class=\"av-layout-grid-container entry-content-wrapper main_color av-flex-cells avia-builder-el-17 el_after_av_layout_row el_before_av_layout_row  submenu-not-first container_wrap fullsize\" style=\"\">\r\n\r\n<div class=\"kc-col-container oferta-l\">\r\n<h2 class=\"\">W\u00f3zki inwalidzkie<\/h2>\r\n<p>W\u00f3zki elektryczne znajduj\u0105 si\u0119 w naszej ofercie od 2002 roku. Przez ten czas  dali\u015bmy si\u0119 pozna\u0107 jako rzetelna firma, kt\u00f3ra zapewnia serwis gwarancyjny i pogwarancyjny. Oferowane przez nas w\u00f3zki zyska\u0142y zaufanie klient\u00f3w, jako solidny i trwa\u0142y produkt. Wszystkie w\u00f3zki w naszej ofercie posiadamy w magazynie i mo\u017cna je przetestowa\u0107 przed zakupem. Zakupione w\u00f3zki dowozimy do naszych klient\u00f3w w ca\u0142ej Polsce w\u0142asnym transportem.<\/p>\r\n<div class=\"kc-elm\">\r\n\t<a class=\"tan-button\" href=\"index.php\/wozki-inwalidzkie\/\" onclick=\"\">Wi\u0119cej <i class=\"fa-chevron-right\"><\/i>\t<\/a>\r\n<\/div>\r\n<\/div>\r\n\r\n<div class=\"flex_cell no_margin av_one_half avia-builder-el-21 el_after_av_cell_one_half avia-builder-el-last av-zero-padding\" style=\"vertical-align:middle; padding:0px; background-color:#ffffff; \">\r\n<div class=\"flex_cell_inner\">\r\n<div class=\"avia-image-container  av-styling-no-styling av-hover-grow avia-builder-el-22  avia-builder-el-no-sibling  avia-align-center \">\r\n<div class=\"avia-image-container-inner\">\r\n<div class=\"avia-image-overlay-wrap\"><img decoding=\"async\" class=\"avia_image\" src=\"http:\/\/tanalski.home.pl\/tanalski\/wp-content\/uploads\/2020\/03\/wozki.jpg\" alt=\"W\u00f3zki elektryczne\" title=\"W\u00f3zki inwalidzkie\">\r\n<\/div><\/div><\/div>\r\n\r\n<\/div><\/div><\/div><\/div><div class=\"kc-elm kc-css-718900 kc-raw-code\"><div id=\"av-layout-grid-1\" class=\"av-layout-grid-container entry-content-wrapper main_color av-flex-cells avia-builder-el-11 el_after_av_section  el_before_av_layout_row submenu-not-first container_wrap fullsize\" style=\"\">\r\n\r\n<div class=\"flex_cell no_margin av_one_half avia-builder-el-12 el_before_av_cell_one_half avia-builder-el-first av-zero-padding\" style=\"vertical-align:middle; padding:0px; background-color:#ffffff;\">\r\n<div class=\"flex_cell_inner\">\r\n<div class=\"avia-image-container  av-styling-no-styling av-hover-grow   avia-builder-el-13  avia-builder-el-no-sibling  avia-align-center\">\r\n<div class=\"avia-image-container-inner\">\r\n<div class=\"avia-image-overlay-wrap\"><img decoding=\"async\" class=\"avia_image\" src=\"http:\/\/tanalski.home.pl\/tanalski\/wp-content\/uploads\/2020\/03\/rowery.jpg\" alt=\"Rowery rechabilitacyjne\" title=\"Rowery rechabilitacyjne\">\r\n<\/div><\/div><\/div>\r\n<\/div><\/div>\r\n\r\n<div class=\"kc-col-container oferta-l\">\r\n<h2 class=\"\">Rowery rehabilitacyjne<\/h2>\r\n<p>Elektryczne rowery dla os\u00f3b ze schorzeniami, kt\u00f3re nie pozwalaj\u0105 na jazd\u0119 zwyk\u0142ym rowerem. Nasz produkt umo\u017cliwia korzystanie  takim osobom z roweru, poniewa\u017c boczne k\u00f3\u0142ka nie wymagaj\u0105  podpierania si\u0119  nog\u0105 przy zatrzymaniu. Ponadto nisko przebiegaj\u0105ca rama u\u0142atwia w znacznym stopniu zaj\u0119cie miejsca na rowerze. Do jazdy nie jest konieczne kr\u0119cenie peda\u0142ami. Ruszanie z miejsca i jazda wymaga tylko przekr\u0119cenia manetki gazu.<\/p>\r\n<div class=\"kc-elm\">\r\n\t<a class=\"tan-button\" href=\"index.php\/rowery-rehabilitacyjne\/\" onclick=\"\">Wi\u0119cej <i class=\"fa-chevron-right\"><\/i>\t<\/a>\r\n<\/div>\r\n<\/div>\r\n<\/div><\/div><div class=\"kc-elm kc-css-828687 kc-raw-code\"><div id=\"av-layout-grid-2\" class=\"av-layout-grid-container entry-content-wrapper main_color av-flex-cells avia-builder-el-17 el_after_av_layout_row el_before_av_layout_row  submenu-not-first container_wrap fullsize\" style=\"\">\r\n\r\n<div class=\"kc-col-container oferta-l\">\r\n<h2 class=\"\">Dofinansowanie<\/h2>\r\n<p> W ramach pilota\u017cowego programu \u201eAktywny Samorz\u0105d\u201d udzielane jest dofinansowanie do zakupu w\u00f3zka inwalidzkiego o nap\u0119dzie elektrycznym, remontu \u2013 naprawy posiadanego w\u00f3zka, a tak\u017ce zakupu cz\u0119\u015bci zamiennych i akumulator\u00f3w do posiadanego w\u00f3zka inwalidzkiego o nap\u0119dzie elektrycznym oraz przystawki elektrycznej do w\u00f3zka inwalidzkiego.<\/p>\r\n<div class=\"kc-elm\">\r\n\t<a class=\"tan-button\" href=\"index.php\/dofinansowanie\/\" onclick=\"\">Wi\u0119cej <i class=\"fa-chevron-right\"><\/i>\t<\/a>\r\n<\/div>\r\n<\/div>\r\n\r\n<div class=\"flex_cell no_margin av_one_half avia-builder-el-21 el_after_av_cell_one_half avia-builder-el-last av-zero-padding\" style=\"vertical-align:middle; padding:0px; background-color:#ffffff; \">\r\n<div class=\"flex_cell_inner\">\r\n<div class=\"avia-image-container  av-styling-no-styling av-hover-grow avia-builder-el-22  avia-builder-el-no-sibling  avia-align-center \">\r\n<div class=\"avia-image-container-inner\">\r\n<div class=\"avia-image-overlay-wrap\"><img decoding=\"async\" class=\"avia_image\" src=\"http:\/\/tanalski.home.pl\/tanalski\/wp-content\/uploads\/2020\/03\/dofinansowanie.jpg\" alt=\"Dofinansowanie\" title=\"Dofinansowanie\">\r\n<\/div><\/div><\/div>\r\n\r\n<\/div><\/div><\/div><\/div><\/div><\/div><\/div><\/div><\/section><section data-kc-fullwidth=\"row\" class=\"kc-elm kc-css-891371 kc_row\"><div class=\"kc-row-container  kc-container\"><div class=\"kc-wrap-columns\"><div class=\"kc-elm kc-css-327375 kc_col-sm-12 kc_column kc_col-sm-12\"><div class=\"kc-col-container\">\n<div class=\"kc-elm kc-css-265615 kc-title-wrap \">\n\n\t<h2 class=\"kc_title\">Aktualno\u015bci<\/h2>\n<\/div>\n\n<div class=\"kc-elm kc-css-888689 kc-title-wrap \">\n\n\t<h4 class=\"kc_title\">Informacje, porady, ciekawostki<\/h4>\n<\/div>\n\n<div class=\"kc-elm kc-css-309559 kc-blog-posts kc-blog-posts-3 kc-blog-grid kc_blog_masonry kc-image-align-both\">\n\t\n\t\t\n\t\t\t\t<div class=\"post-grid grid-3\">\n\t\t\t\t\t<div class=\"kc-list-item-3\">\n\t\t\t\t\t\t\t\t\t\t\t\t\t<a href=\"https:\/\/tanalski.eu\/index.php\/2022\/08\/11\/arab-health-2021-2\/\" class=\"entry-thumb-link\">\n\t\t\t\t\t\t\t\t<div class=\"entry-thumb-wrapper\">\n\t\t\t\t\t\t\t\t\t<img decoding=\"async\" src=\"https:\/\/tanalski.eu\/wp-content\/uploads\/2022\/08\/20220127_112744-scaled.jpg\"\n\t\t\t\t\t\t\t\t\t     alt=\"Arab Health 2022\"\/>\n\t\t\t\t\t\t\t\t\t<div class=\"entry-thumb-overlay\"><\/div>\n\t\t\t\t\t\t\t\t<\/div>\n\t\t\t\t\t\t\t<\/a>\n\t\t\t\t\t\t\t\t\t\t\t\t<div class=\"content\">\n\t\t\t\t\t\t\t<h2 class=\"post-title-alt\"><a\n\t\t\t\t\t\t\t\thref=\"https:\/\/tanalski.eu\/index.php\/2022\/08\/11\/arab-health-2021-2\/\">Arab Health 2022<\/a>\n\t\t\t\t\t\t\t<\/h2>\n\t\t\t\t\t\t\t\t\t\t\t\t\t\t\t<div class=\"entry-meta\">\n\t\t\t\t\t\t\t\t\t\t\t\t\t\t\t\t\t\t\t<span class=\"kc-post-author\"><a\n\t\t\t\t\t\t\t\t\t\t\t\thref=\"https:\/\/tanalski.eu\/index.php\/author\/barbara21\/\"\n\t\t\t\t\t\t\t\t\t\t\t\ttitle=\"Posts by Barbara21\"\n\t\t\t\t\t\t\t\t\t\t\t\trel=\"author\">Barbara21<\/a><\/span>\n\t\t\t\t\t\t\t\t\t\t\t\t\t\t\t\t\t\t\t\t\t\t\t\t\t\t\t<span class=\"entry-date\"><a\n\t\t\t\t\t\t\t\t\t\t\thref=\"https:\/\/tanalski.eu\/index.php\/2022\/08\/11\/arab-health-2021-2\/\">11 sierpnia, 2022<\/a><\/span>\n\t\t\t\t\t\t\t\t\t\t\t\t\t\t\t\t\t\t\t\t\t\t\t\t\t\t\t\t\t\t\t\t\t\t\t\t\t\t\t<span class=\"entry-cats\"><a href=\"https:\/\/tanalski.eu\/index.php\/category\/aktualnosci\/\" rel=\"category tag\">Aktualno\u015bci<\/a><\/span>\n\t\t\t\t\t\t\t\t\t\t\t\t\t\t\t\t\t\t\t\t\t\t\t\t\t\t\t<\/div>\n\t\t\t\t\t\t\t\t\t\t\t\t\t\t\t\t\t\t\t\t\t\t<div class=\"entry-excerpt\">\n\t\t\t\t\t\t\t\t\t<p>Stanowisko na Arab Health 2022 \u2013 Dubai<\/p>\n\t\t\t\t\t\t\t\t<\/div>\n\t\t\t\t\t\t\t\t\t\t\t\t\t\t<a href=\"https:\/\/tanalski.eu\/index.php\/2022\/08\/11\/arab-health-2021-2\/\"\n\t\t\t\t\t\t\t   class=\"kc-post-2-button\">Wi\u0119cej  <i\n\t\t\t\t\t\t\t\t\tclass=\"fa fa-angle-right\" aria-hidden=\"true\"><\/i><\/a>\n\t\t\t\t\t\t\t\t\t\t\t\t\t<\/div>\n\t\t\t\t\t<\/div>\n\t\t\t\t<\/div>\n\n\t\t\t\t\n\t\t\t\t<div class=\"post-grid grid-3\">\n\t\t\t\t\t<div class=\"kc-list-item-3\">\n\t\t\t\t\t\t\t\t\t\t\t\t\t<a href=\"https:\/\/tanalski.eu\/index.php\/2022\/03\/01\/medica-2021-dusseldorf\/\" class=\"entry-thumb-link\">\n\t\t\t\t\t\t\t\t<div class=\"entry-thumb-wrapper\">\n\t\t\t\t\t\t\t\t\t<img decoding=\"async\" src=\"https:\/\/tanalski.eu\/wp-content\/uploads\/2022\/03\/20211116_151720.jpg\"\n\t\t\t\t\t\t\t\t\t     alt=\"Medica 2021 Dusseldorf\"\/>\n\t\t\t\t\t\t\t\t\t<div class=\"entry-thumb-overlay\"><\/div>\n\t\t\t\t\t\t\t\t<\/div>\n\t\t\t\t\t\t\t<\/a>\n\t\t\t\t\t\t\t\t\t\t\t\t<div class=\"content\">\n\t\t\t\t\t\t\t<h2 class=\"post-title-alt\"><a\n\t\t\t\t\t\t\t\thref=\"https:\/\/tanalski.eu\/index.php\/2022\/03\/01\/medica-2021-dusseldorf\/\">Medica 2021 Dusseldorf<\/a>\n\t\t\t\t\t\t\t<\/h2>\n\t\t\t\t\t\t\t\t\t\t\t\t\t\t\t<div class=\"entry-meta\">\n\t\t\t\t\t\t\t\t\t\t\t\t\t\t\t\t\t\t\t<span class=\"kc-post-author\"><a\n\t\t\t\t\t\t\t\t\t\t\t\thref=\"https:\/\/tanalski.eu\/index.php\/author\/barbara21\/\"\n\t\t\t\t\t\t\t\t\t\t\t\ttitle=\"Posts by Barbara21\"\n\t\t\t\t\t\t\t\t\t\t\t\trel=\"author\">Barbara21<\/a><\/span>\n\t\t\t\t\t\t\t\t\t\t\t\t\t\t\t\t\t\t\t\t\t\t\t\t\t\t\t<span class=\"entry-date\"><a\n\t\t\t\t\t\t\t\t\t\t\thref=\"https:\/\/tanalski.eu\/index.php\/2022\/03\/01\/medica-2021-dusseldorf\/\">01 marca, 2022<\/a><\/span>\n\t\t\t\t\t\t\t\t\t\t\t\t\t\t\t\t\t\t\t\t\t\t\t\t\t\t\t\t\t\t\t\t\t\t\t\t\t\t\t<span class=\"entry-cats\"><a href=\"https:\/\/tanalski.eu\/index.php\/category\/targi\/\" rel=\"category tag\">Targi<\/a><\/span>\n\t\t\t\t\t\t\t\t\t\t\t\t\t\t\t\t\t\t\t\t\t\t\t\t\t\t\t<\/div>\n\t\t\t\t\t\t\t\t\t\t\t\t\t\t\t\t\t\t\t\t\t\t<div class=\"entry-excerpt\">\n\t\t\t\t\t\t\t\t\t<p>Nasze stoisko podczas Targ\u00f3w Medica 2021 w Dusseldorfie.<\/p>\n\t\t\t\t\t\t\t\t<\/div>\n\t\t\t\t\t\t\t\t\t\t\t\t\t\t<a href=\"https:\/\/tanalski.eu\/index.php\/2022\/03\/01\/medica-2021-dusseldorf\/\"\n\t\t\t\t\t\t\t   class=\"kc-post-2-button\">Wi\u0119cej  <i\n\t\t\t\t\t\t\t\t\tclass=\"fa fa-angle-right\" aria-hidden=\"true\"><\/i><\/a>\n\t\t\t\t\t\t\t\t\t\t\t\t\t<\/div>\n\t\t\t\t\t<\/div>\n\t\t\t\t<\/div>\n\n\t\t\t\t\n\t\t\t\t<div class=\"post-grid grid-3\">\n\t\t\t\t\t<div class=\"kc-list-item-3\">\n\t\t\t\t\t\t\t\t\t\t\t\t\t<a href=\"https:\/\/tanalski.eu\/index.php\/2022\/03\/01\/arab-health-2021-dubaj\/\" class=\"entry-thumb-link\">\n\t\t\t\t\t\t\t\t<div class=\"entry-thumb-wrapper\">\n\t\t\t\t\t\t\t\t\t<img decoding=\"async\" src=\"https:\/\/tanalski.eu\/wp-content\/uploads\/2022\/03\/Targi-Arab-Health.jpg\"\n\t\t\t\t\t\t\t\t\t     alt=\"Arab Health 2021 Dubaj\"\/>\n\t\t\t\t\t\t\t\t\t<div class=\"entry-thumb-overlay\"><\/div>\n\t\t\t\t\t\t\t\t<\/div>\n\t\t\t\t\t\t\t<\/a>\n\t\t\t\t\t\t\t\t\t\t\t\t<div class=\"content\">\n\t\t\t\t\t\t\t<h2 class=\"post-title-alt\"><a\n\t\t\t\t\t\t\t\thref=\"https:\/\/tanalski.eu\/index.php\/2022\/03\/01\/arab-health-2021-dubaj\/\">Arab Health 2021 Dubaj<\/a>\n\t\t\t\t\t\t\t<\/h2>\n\t\t\t\t\t\t\t\t\t\t\t\t\t\t\t<div class=\"entry-meta\">\n\t\t\t\t\t\t\t\t\t\t\t\t\t\t\t\t\t\t\t<span class=\"kc-post-author\"><a\n\t\t\t\t\t\t\t\t\t\t\t\thref=\"https:\/\/tanalski.eu\/index.php\/author\/barbara21\/\"\n\t\t\t\t\t\t\t\t\t\t\t\ttitle=\"Posts by Barbara21\"\n\t\t\t\t\t\t\t\t\t\t\t\trel=\"author\">Barbara21<\/a><\/span>\n\t\t\t\t\t\t\t\t\t\t\t\t\t\t\t\t\t\t\t\t\t\t\t\t\t\t\t<span class=\"entry-date\"><a\n\t\t\t\t\t\t\t\t\t\t\thref=\"https:\/\/tanalski.eu\/index.php\/2022\/03\/01\/arab-health-2021-dubaj\/\">01 marca, 2022<\/a><\/span>\n\t\t\t\t\t\t\t\t\t\t\t\t\t\t\t\t\t\t\t\t\t\t\t\t\t\t\t\t\t\t\t\t\t\t\t\t\t\t\t<span class=\"entry-cats\"><a href=\"https:\/\/tanalski.eu\/index.php\/category\/targi\/\" rel=\"category tag\">Targi<\/a><\/span>\n\t\t\t\t\t\t\t\t\t\t\t\t\t\t\t\t\t\t\t\t\t\t\t\t\t\t\t<\/div>\n\t\t\t\t\t\t\t\t\t\t\t\t\t\t\t\t\t\t\t\t\t\t<div class=\"entry-excerpt\">\n\t\t\t\t\t\t\t\t\t<p>Nasze stoisko podczas Targ\u00f3w Arab Health 2021 w Dubaju<\/p>\n\t\t\t\t\t\t\t\t<\/div>\n\t\t\t\t\t\t\t\t\t\t\t\t\t\t<a href=\"https:\/\/tanalski.eu\/index.php\/2022\/03\/01\/arab-health-2021-dubaj\/\"\n\t\t\t\t\t\t\t   class=\"kc-post-2-button\">Wi\u0119cej  <i\n\t\t\t\t\t\t\t\t\tclass=\"fa fa-angle-right\" aria-hidden=\"true\"><\/i><\/a>\n\t\t\t\t\t\t\t\t\t\t\t\t\t<\/div>\n\t\t\t\t\t<\/div>\n\t\t\t\t<\/div>\n\n\t\t\t\t\n\t\n<\/div>\n<\/div><\/div><\/div><\/div><\/section><section data-kc-fullwidth=\"row\" class=\"kc-elm kc-css-423446 kc_row\"><div class=\"kc-row-container  kc-container\"><div class=\"kc-wrap-columns\"><div class=\"kc-elm kc-css-489198 kc_col-sm-12 kc_column kc_col-sm-12\"><div class=\"kc-col-container\">\n<div class=\"kc-elm kc-css-215979 kc-title-wrap \">\n\n\t<h2 class=\"kc_title\">Kontakt<\/h2>\n<\/div>\n\n<div class=\"kc-elm kc-css-710538 kc-title-wrap \">\n\n\t<h4 class=\"kc_title\"><\/h4>\n<\/div>\n<div class=\"kc-elm kc-css-886988 kc_row kc_row_inner\"><div class=\"kc-elm kc-css-901400 kc_col-sm-6 kc_column_inner kc_col-sm-6\"><div class=\"kc_wrapper kc-col-inner-container\"><div class=\"kc-elm kc-css-316995\" style=\"height: 15px; clear: both; width:100%;\"><\/div><div class=\"kc-elm kc-css-931172 kc_text_block\"><\/p>\n<h2>P.T. Tanalski<\/h2>\n<p>ul.Szczeci\u0144ska 28\/30<br \/>91-222 \u0141\u00f3d\u017a<br \/>tel. +48 42 652 56 01<br \/><a href=\"#\">biuro@tanalski.pl<\/a><\/p>\n<p>\n<\/div><\/div><\/div><div class=\"kc-elm kc-css-775446 kc_col-sm-6 kc_column_inner kc_col-sm-6\"><div class=\"kc_wrapper kc-col-inner-container\"><div class=\"kc-elm kc-css-349817\" style=\"height: 15px; clear: both; width:100%;\"><\/div><div class=\"kc-elm kc-css-292352 kc_google_maps kc_shortcode\"><div style=\"height: 480px\" class=\"kc-google-maps\"><iframe width=\"100%\" height=\"480\" src=\"https:\/\/maps.google.com\/maps?width=700&amp;height=440&amp;hl=en&amp;q=P.T. Tanalski%2028%2F3091-222%20%C5%81%C3%B3d%C5%BA+(P.T.%20Tanalski)&amp;ie=UTF8&amp;t=&amp;z=13&amp;iwloc=B&amp;output=embed\" frameborder=\"0\" scrolling=\"no\" marginheight=\"480\" marginwidth=\"100%\"><\/iframe><\/div><\/div><\/div><\/div><\/div><\/div><\/div><\/div><\/div><\/section><\/p>\n","protected":false},"excerpt":{"rendered":"","protected":false},"author":1,"featured_media":0,"parent":0,"menu_order":0,"comment_status":"closed","ping_status":"closed","template":"","meta":{"footnotes":""},"class_list":["post-153","page","type-page","status-publish","hentry"],"_links":{"self":[{"href":"https:\/\/tanalski.eu\/index.php\/wp-json\/wp\/v2\/pages\/153","targetHints":{"allow":["GET"]}}],"collection":[{"href":"https:\/\/tanalski.eu\/index.php\/wp-json\/wp\/v2\/pages"}],"about":[{"href":"https:\/\/tanalski.eu\/index.php\/wp-json\/wp\/v2\/types\/page"}],"author":[{"embeddable":true,"href":"https:\/\/tanalski.eu\/index.php\/wp-json\/wp\/v2\/users\/1"}],"replies":[{"embeddable":true,"href":"https:\/\/tanalski.eu\/index.php\/wp-json\/wp\/v2\/comments?post=153"}],"version-history":[{"count":197,"href":"https:\/\/tanalski.eu\/index.php\/wp-json\/wp\/v2\/pages\/153\/revisions"}],"predecessor-version":[{"id":820,"href":"https:\/\/tanalski.eu\/index.php\/wp-json\/wp\/v2\/pages\/153\/revisions\/820"}],"wp:attachment":[{"href":"https:\/\/tanalski.eu\/index.php\/wp-json\/wp\/v2\/media?parent=153"}],"curies":[{"name":"wp","href":"https:\/\/api.w.org\/{rel}","templated":true}]}}